{"id":510,"date":"2014-08-05T11:29:15","date_gmt":"2014-08-05T11:29:15","guid":{"rendered":"https:\/\/hiteh.ee\/asendusauto-2\/"},"modified":"2014-10-22T17:50:09","modified_gmt":"2014-10-22T17:50:09","slug":"asendusauto","status":"publish","type":"page","link":"https:\/\/hiteh.ee\/fi\/asendusauto\/","title":{"rendered":"Asendusauto"},"content":{"rendered":"\n<style type=\"text\/css\" data-created_by=\"avia_inline_auto\" id=\"style-css-av-av_image-2f099f5a4b1e865d5fc5f035e1d2010f\">\n.avia-image-container.av-av_image-2f099f5a4b1e865d5fc5f035e1d2010f img.avia_image{\nbox-shadow:none;\n}\n.avia-image-container.av-av_image-2f099f5a4b1e865d5fc5f035e1d2010f .av-image-caption-overlay-center{\ncolor:#ffffff;\n}\n<\/style>\n<div  class='avia-image-container av-av_image-2f099f5a4b1e865d5fc5f035e1d2010f av-styling- avia_animated_image av-animated-when-visible-95 top-to-bottom avia-align-center  avia-builder-el-0  el_before_av_one_full  avia-builder-el-first '   itemprop=\"image\" itemscope=\"itemscope\" itemtype=\"https:\/\/schema.org\/ImageObject\" ><div class=\"avia-image-container-inner\"><div class=\"avia-image-overlay-wrap\"><img decoding=\"async\" class='wp-image- avia-img-lazy-loading-not- avia_image ' src=\"https:\/\/hiteh.ee\/wp-content\/uploads\/2014\/08\/uus_megane-1024x474-710x270.jpg\" alt='' title=''   itemprop=\"thumbnailUrl\"  \/><\/div><\/div><\/div>\n<div class='flex_column av-av_one_full-2a9015ff38129c418a3f2eafba3e9512 av_one_full  avia-builder-el-1  el_after_av_image  el_before_av_one_half  first flex_column_div '     ><style type=\"text\/css\" data-created_by=\"avia_inline_auto\" id=\"style-css-av-av_heading-a2d91b5414a8546af68d708f1677eb77\">\n#top .av-special-heading.av-av_heading-a2d91b5414a8546af68d708f1677eb77{\npadding-bottom:10px;\nfont-size:35px;\n}\nbody .av-special-heading.av-av_heading-a2d91b5414a8546af68d708f1677eb77 .av-special-heading-tag .heading-char{\nfont-size:25px;\n}\n#top #wrap_all .av-special-heading.av-av_heading-a2d91b5414a8546af68d708f1677eb77 .av-special-heading-tag{\nfont-size:35px;\n}\n.av-special-heading.av-av_heading-a2d91b5414a8546af68d708f1677eb77 .av-subheading{\nfont-size:15px;\n}\n\n@media only screen and (min-width: 480px) and (max-width: 767px){ \n#top #wrap_all .av-special-heading.av-av_heading-a2d91b5414a8546af68d708f1677eb77 .av-special-heading-tag{\nfont-size:0.8em;\n}\n}\n\n@media only screen and (max-width: 479px){ \n#top #wrap_all .av-special-heading.av-av_heading-a2d91b5414a8546af68d708f1677eb77 .av-special-heading-tag{\nfont-size:0.8em;\n}\n}\n<\/style>\n<div  class='av-special-heading av-av_heading-a2d91b5414a8546af68d708f1677eb77 av-special-heading-h3 blockquote modern-quote  avia-builder-el-2  avia-builder-el-no-sibling  av-inherit-size'><h3 class='av-special-heading-tag'  itemprop=\"headline\"  >Sijaisauto<\/h3><div class=\"special-heading-border\"><div class=\"special-heading-inner-border\"><\/div><\/div><\/div><\/div>\n<div class='flex_column av-av_one_half-2a9015ff38129c418a3f2eafba3e9512 av_one_half  avia-builder-el-3  el_after_av_one_full  el_before_av_one_half  first flex_column_div column-top-margin'     ><section  class='av_textblock_section av-av_textblock-b6887cbce7b7a52df89a4df72cab2706'  itemscope=\"itemscope\" itemtype=\"https:\/\/schema.org\/CreativeWork\" ><div class='avia_textblock'  itemprop=\"text\" ><p>Meill\u00e4 on edelleen ilo ilmoittaa asiakkaillemme, ett\u00e4 tarjoamme runkot\u00f6iden ajaksi maksuttoman sijaisauton. Sijaisauton ehdot:<\/p>\n<p>Edelt\u00e4 k\u00e4sin varattu sijaisauto annetaan siksi kaudeksi, joksi asiakkaan auto saapuu sovittuna aikana korjauspajaan runkoremontti- ja maalaust\u00f6iden suoritusta varten. Sijaisauton pyyd\u00e4mme varaamaan remonttiajasta sovittaessa.<\/p>\n<p>Edelt\u00e4 k\u00e4sin on sovittu remontin maksajasta (esim. on saapunut vakuutusyhti\u00f6n antama takauskirje) ja varastoomme ovat saapuneet kaikki korjauksessa tarvittavat varaosat.<\/p>\n<\/div><\/section><\/div>\n<div class='flex_column av-av_one_half-f78fb3c186c5ceb3cf0bf54353219056 av_one_half  avia-builder-el-5  el_after_av_one_half  avia-builder-el-last  flex_column_div column-top-margin'     ><section  class='av_textblock_section av-av_textblock-b6887cbce7b7a52df89a4df72cab2706'  itemscope=\"itemscope\" itemtype=\"https:\/\/schema.org\/CreativeWork\" ><div class='avia_textblock'  itemprop=\"text\" ><p>Asiakas palauttaa sijaisauton, kun h\u00e4nen autonsa korjausty\u00f6t ovat valmistuneet, ja tekee sen ensi tilassa, ei kuitenkaan my\u00f6hemmin kuin seuraavana ty\u00f6p\u00e4iv\u00e4n\u00e4.Sijaisauton k\u00e4ytt\u00f6ehdoista <a title=\"loe siit.\" href=\"https:\/\/hiteh.ee\/YLEISETEHDOT.pdf\" target=\"_blank\" rel=\"noopener\">lue t\u00e4st\u00e4.<\/a><\/p>\n<\/div><\/section><\/div>\n","protected":false},"excerpt":{"rendered":"","protected":false},"author":2,"featured_media":0,"parent":0,"menu_order":0,"comment_status":"open","ping_status":"open","template":"","meta":{"footnotes":""},"class_list":["post-510","page","type-page","status-publish","hentry"],"yoast_head":"<!-- This site is optimized with the Yoast SEO plugin v26.9 - https:\/\/yoast.com\/product\/yoast-seo-wordpress\/ -->\n<title>Asendusauto - Hiteh Autoteenindus<\/title>\n<meta name=\"robots\" content=\"index, follow, max-snippet:-1, max-image-preview:large, max-video-preview:-1\" \/>\n<link rel=\"canonical\" href=\"https:\/\/hiteh.ee\/asendusauto\/\" \/>\n<meta property=\"og:locale\" content=\"fi_FI\" \/>\n<meta property=\"og:type\" content=\"article\" \/>\n<meta property=\"og:title\" content=\"Asendusauto - Hiteh Autoteenindus\" \/>\n<meta property=\"og:url\" content=\"https:\/\/hiteh.ee\/asendusauto\/\" \/>\n<meta property=\"og:site_name\" content=\"Hiteh Autoteenindus\" \/>\n<meta property=\"article:modified_time\" content=\"2014-10-22T17:50:09+00:00\" \/>\n<meta name=\"twitter:card\" content=\"summary_large_image\" \/>\n<meta name=\"twitter:label1\" content=\"Arvioitu lukuaika\" \/>\n\t<meta name=\"twitter:data1\" content=\"1 minuutti\" \/>\n<script type=\"application\/ld+json\" class=\"yoast-schema-graph\">{\"@context\":\"https:\/\/schema.org\",\"@graph\":[{\"@type\":\"WebPage\",\"@id\":\"https:\/\/hiteh.ee\/asendusauto\/\",\"url\":\"https:\/\/hiteh.ee\/asendusauto\/\",\"name\":\"Asendusauto - Hiteh Autoteenindus\",\"isPartOf\":{\"@id\":\"https:\/\/hiteh.ee\/#website\"},\"datePublished\":\"2014-08-05T11:29:15+00:00\",\"dateModified\":\"2014-10-22T17:50:09+00:00\",\"breadcrumb\":{\"@id\":\"https:\/\/hiteh.ee\/asendusauto\/#breadcrumb\"},\"inLanguage\":\"fi\",\"potentialAction\":[{\"@type\":\"ReadAction\",\"target\":[\"https:\/\/hiteh.ee\/asendusauto\/\"]}]},{\"@type\":\"BreadcrumbList\",\"@id\":\"https:\/\/hiteh.ee\/asendusauto\/#breadcrumb\",\"itemListElement\":[{\"@type\":\"ListItem\",\"position\":1,\"name\":\"Home\",\"item\":\"https:\/\/hiteh.ee\/fi\/esileht\/\"},{\"@type\":\"ListItem\",\"position\":2,\"name\":\"Asendusauto\"}]},{\"@type\":\"WebSite\",\"@id\":\"https:\/\/hiteh.ee\/#website\",\"url\":\"https:\/\/hiteh.ee\/\",\"name\":\"Hiteh Autoteenindus\",\"description\":\"Autoteenindus\",\"publisher\":{\"@id\":\"https:\/\/hiteh.ee\/#organization\"},\"potentialAction\":[{\"@type\":\"SearchAction\",\"target\":{\"@type\":\"EntryPoint\",\"urlTemplate\":\"https:\/\/hiteh.ee\/?s={search_term_string}\"},\"query-input\":{\"@type\":\"PropertyValueSpecification\",\"valueRequired\":true,\"valueName\":\"search_term_string\"}}],\"inLanguage\":\"fi\"},{\"@type\":\"Organization\",\"@id\":\"https:\/\/hiteh.ee\/#organization\",\"name\":\"Hiteh Autokeskus\",\"url\":\"https:\/\/hiteh.ee\/\",\"logo\":{\"@type\":\"ImageObject\",\"inLanguage\":\"fi\",\"@id\":\"https:\/\/hiteh.ee\/#\/schema\/logo\/image\/\",\"url\":\"https:\/\/hiteh.ee\/wp-content\/uploads\/2019\/07\/Hiteh-logo235x100.png\",\"contentUrl\":\"https:\/\/hiteh.ee\/wp-content\/uploads\/2019\/07\/Hiteh-logo235x100.png\",\"width\":235,\"height\":100,\"caption\":\"Hiteh Autokeskus\"},\"image\":{\"@id\":\"https:\/\/hiteh.ee\/#\/schema\/logo\/image\/\"}}]}<\/script>\n<!-- \/ Yoast SEO plugin. -->","yoast_head_json":{"title":"Asendusauto - Hiteh Autoteenindus","robots":{"index":"index","follow":"follow","max-snippet":"max-snippet:-1","max-image-preview":"max-image-preview:large","max-video-preview":"max-video-preview:-1"},"canonical":"https:\/\/hiteh.ee\/asendusauto\/","og_locale":"fi_FI","og_type":"article","og_title":"Asendusauto - Hiteh Autoteenindus","og_url":"https:\/\/hiteh.ee\/asendusauto\/","og_site_name":"Hiteh Autoteenindus","article_modified_time":"2014-10-22T17:50:09+00:00","twitter_card":"summary_large_image","twitter_misc":{"Arvioitu lukuaika":"1 minuutti"},"schema":{"@context":"https:\/\/schema.org","@graph":[{"@type":"WebPage","@id":"https:\/\/hiteh.ee\/asendusauto\/","url":"https:\/\/hiteh.ee\/asendusauto\/","name":"Asendusauto - Hiteh Autoteenindus","isPartOf":{"@id":"https:\/\/hiteh.ee\/#website"},"datePublished":"2014-08-05T11:29:15+00:00","dateModified":"2014-10-22T17:50:09+00:00","breadcrumb":{"@id":"https:\/\/hiteh.ee\/asendusauto\/#breadcrumb"},"inLanguage":"fi","potentialAction":[{"@type":"ReadAction","target":["https:\/\/hiteh.ee\/asendusauto\/"]}]},{"@type":"BreadcrumbList","@id":"https:\/\/hiteh.ee\/asendusauto\/#breadcrumb","itemListElement":[{"@type":"ListItem","position":1,"name":"Home","item":"https:\/\/hiteh.ee\/fi\/esileht\/"},{"@type":"ListItem","position":2,"name":"Asendusauto"}]},{"@type":"WebSite","@id":"https:\/\/hiteh.ee\/#website","url":"https:\/\/hiteh.ee\/","name":"Hiteh Autoteenindus","description":"Autoteenindus","publisher":{"@id":"https:\/\/hiteh.ee\/#organization"},"potentialAction":[{"@type":"SearchAction","target":{"@type":"EntryPoint","urlTemplate":"https:\/\/hiteh.ee\/?s={search_term_string}"},"query-input":{"@type":"PropertyValueSpecification","valueRequired":true,"valueName":"search_term_string"}}],"inLanguage":"fi"},{"@type":"Organization","@id":"https:\/\/hiteh.ee\/#organization","name":"Hiteh Autokeskus","url":"https:\/\/hiteh.ee\/","logo":{"@type":"ImageObject","inLanguage":"fi","@id":"https:\/\/hiteh.ee\/#\/schema\/logo\/image\/","url":"https:\/\/hiteh.ee\/wp-content\/uploads\/2019\/07\/Hiteh-logo235x100.png","contentUrl":"https:\/\/hiteh.ee\/wp-content\/uploads\/2019\/07\/Hiteh-logo235x100.png","width":235,"height":100,"caption":"Hiteh Autokeskus"},"image":{"@id":"https:\/\/hiteh.ee\/#\/schema\/logo\/image\/"}}]}},"_links":{"self":[{"href":"https:\/\/hiteh.ee\/fi\/wp-json\/wp\/v2\/pages\/510","targetHints":{"allow":["GET"]}}],"collection":[{"href":"https:\/\/hiteh.ee\/fi\/wp-json\/wp\/v2\/pages"}],"about":[{"href":"https:\/\/hiteh.ee\/fi\/wp-json\/wp\/v2\/types\/page"}],"author":[{"embeddable":true,"href":"https:\/\/hiteh.ee\/fi\/wp-json\/wp\/v2\/users\/2"}],"replies":[{"embeddable":true,"href":"https:\/\/hiteh.ee\/fi\/wp-json\/wp\/v2\/comments?post=510"}],"version-history":[{"count":0,"href":"https:\/\/hiteh.ee\/fi\/wp-json\/wp\/v2\/pages\/510\/revisions"}],"wp:attachment":[{"href":"https:\/\/hiteh.ee\/fi\/wp-json\/wp\/v2\/media?parent=510"}],"curies":[{"name":"wp","href":"https:\/\/api.w.org\/{rel}","templated":true}]}}