{"id":513,"date":"2014-07-15T15:23:04","date_gmt":"2014-07-15T15:23:04","guid":{"rendered":"https:\/\/hiteh.ee\/esileht-2\/"},"modified":"2025-07-04T09:53:58","modified_gmt":"2025-07-04T06:53:58","slug":"esileht","status":"publish","type":"page","link":"https:\/\/hiteh.ee\/fi\/","title":{"rendered":"Esileht"},"content":{"rendered":"\n<style type=\"text\/css\" data-created_by=\"avia_inline_auto\" id=\"style-css-av-m9nyp-7970abdee12a47d2d246d5c5ecf6d44b\">\n#top .av-special-heading.av-m9nyp-7970abdee12a47d2d246d5c5ecf6d44b{\npadding-bottom:10px;\ncolor:#1e73be;\nfont-size:34px;\n}\nbody .av-special-heading.av-m9nyp-7970abdee12a47d2d246d5c5ecf6d44b .av-special-heading-tag .heading-char{\nfont-size:25px;\n}\n#top #wrap_all .av-special-heading.av-m9nyp-7970abdee12a47d2d246d5c5ecf6d44b .av-special-heading-tag{\nfont-size:34px;\n}\n.av-special-heading.av-m9nyp-7970abdee12a47d2d246d5c5ecf6d44b .special-heading-inner-border{\nborder-color:#1e73be;\n}\n.av-special-heading.av-m9nyp-7970abdee12a47d2d246d5c5ecf6d44b .av-subheading{\nfont-size:24px;\n}\n\n@media only screen and (min-width: 480px) and (max-width: 767px){ \n#top #wrap_all .av-special-heading.av-m9nyp-7970abdee12a47d2d246d5c5ecf6d44b .av-special-heading-tag{\nfont-size:0.8em;\n}\n}\n\n@media only screen and (max-width: 479px){ \n#top #wrap_all .av-special-heading.av-m9nyp-7970abdee12a47d2d246d5c5ecf6d44b .av-special-heading-tag{\nfont-size:0.8em;\n}\n}\n<\/style>\n<div  class='av-special-heading av-m9nyp-7970abdee12a47d2d246d5c5ecf6d44b av-special-heading-h3 custom-color-heading blockquote modern-quote modern-centered  avia-builder-el-0  el_before_av_layerslider  avia-builder-el-no-sibling  av-inherit-size'><h3 class='av-special-heading-tag'  itemprop=\"headline\"  >Hiteh Autokeskus \u2013 pit\u00e4\u00e4 py\u00f6rill\u00e4!<\/h3><div class='av_custom_color av-subheading av-subheading_below'><p>Avoinna maanantaista perjantaihin: 8.00-18.00<\/p>\n<\/div><div class=\"special-heading-border\"><div class=\"special-heading-inner-border\"><\/div><\/div><\/div>\n<\/div><\/div><\/div><!-- close content main div --><\/div><\/div><div id='layer_slider_1'  class='avia-layerslider main_color avia-shadow  avia-builder-el-1  el_after_av_heading  el_before_av_section  slider-not-first container_wrap fullsize'  style='height: 451px; max-width: 1140px; margin: 0 auto;'  ><\/div>\n\n<style type=\"text\/css\" data-created_by=\"avia_inline_auto\" id=\"style-css-av-2l95nd-a49b3a314cbe0317bd9522e2234375fc\">\n.avia-section.av-2l95nd-a49b3a314cbe0317bd9522e2234375fc{\nbackground-color:#ffffff;\nbackground-image:unset;\n}\n<\/style>\n<div id='av_section_1'  class='avia-section av-2l95nd-a49b3a314cbe0317bd9522e2234375fc main_color avia-section-default avia-no-shadow  avia-builder-el-2  el_after_av_layerslider  avia-builder-el-last  avia-bg-style-scroll container_wrap fullsize'  ><div class='container av-section-cont-open' ><div class='template-page content  av-content-full alpha units'><div class='post-entry post-entry-type-page post-entry-513'><div class='entry-content-wrapper clearfix'>\n<div class='flex_column av-2gsdu9-f1921f76711fc4ff65948198cbd9420b av_one_half  avia-builder-el-3  el_before_av_one_half  avia-builder-el-first  first flex_column_div '     ><p>\n<style type=\"text\/css\" data-created_by=\"avia_inline_auto\" id=\"style-css-av-hr3c9-2d21f19841ee30d54f362d412bbba5c0\">\n#top .av-special-heading.av-hr3c9-2d21f19841ee30d54f362d412bbba5c0{\npadding-bottom:10px;\nfont-size:29px;\n}\nbody .av-special-heading.av-hr3c9-2d21f19841ee30d54f362d412bbba5c0 .av-special-heading-tag .heading-char{\nfont-size:25px;\n}\n#top #wrap_all .av-special-heading.av-hr3c9-2d21f19841ee30d54f362d412bbba5c0 .av-special-heading-tag{\nfont-size:29px;\n}\n.av-special-heading.av-hr3c9-2d21f19841ee30d54f362d412bbba5c0 .av-subheading{\nfont-size:15px;\n}\n\n@media only screen and (min-width: 480px) and (max-width: 767px){ \n#top #wrap_all .av-special-heading.av-hr3c9-2d21f19841ee30d54f362d412bbba5c0 .av-special-heading-tag{\nfont-size:0.8em;\n}\n}\n\n@media only screen and (max-width: 479px){ \n#top #wrap_all .av-special-heading.av-hr3c9-2d21f19841ee30d54f362d412bbba5c0 .av-special-heading-tag{\nfont-size:0.8em;\n}\n}\n<\/style>\n<div  class='av-special-heading av-hr3c9-2d21f19841ee30d54f362d412bbba5c0 av-special-heading-h3 blockquote modern-quote  avia-builder-el-4  el_before_av_textblock  avia-builder-el-first  av-inherit-size'><h3 class='av-special-heading-tag'  itemprop=\"headline\"  >O\u00dc Hiteh Autoteenindus<\/h3><div class=\"special-heading-border\"><div class=\"special-heading-inner-border\"><\/div><\/div><\/div><br \/>\n<section  class='av_textblock_section av-226k21-8785f054b88fb185908ff9d72d84a6cd'  itemscope=\"itemscope\" itemtype=\"https:\/\/schema.org\/CreativeWork\" ><div class='avia_textblock'  itemprop=\"text\" ><p>Hiteh Autoteenindus O\u00dc kuuluu Hiteh Gruppiin, on 100% virolaiseen p\u00e4\u00e4omaan perustuva yritys ja sill\u00e4 on ajoneuvojen remontista kokemusta jo vuodesta 1989 l\u00e4htien.<\/p>\n<p>T\u00e4h\u00e4n p\u00e4iv\u00e4\u00e4n menness\u00e4 yhti\u00f6 on noussut suurimmaksi riippumattomaksi autoremonttiin erikoistuneeksi yritykseksi Tallinnassa, ennen kaikkea meid\u00e4t tunnetaan runko- ja maalaust\u00f6iden hyv\u00e4st\u00e4 laadusta.<\/p>\n<p>Olemme solmineet sopimukset vakuutusyhti\u00f6ist\u00e4 suuriman osan kanssa, samoin meille on annettu oikeus ottaa vastaan vakuutusilmoituksia. Teemme alihankintat\u00f6it\u00e4 lukuisille autoedustuksille.<\/p>\n<\/div><\/section><br \/>\n\n<style type=\"text\/css\" data-created_by=\"avia_inline_auto\" id=\"style-css-av-1u48o1-d98ee99dc4931d7039c81baccd23c312\">\n#top .hr.hr-invisible.av-1u48o1-d98ee99dc4931d7039c81baccd23c312{\nheight:50px;\n}\n<\/style>\n<div  class='hr av-1u48o1-d98ee99dc4931d7039c81baccd23c312 hr-invisible  avia-builder-el-6  el_after_av_textblock  avia-builder-el-last '><span class='hr-inner '><span class=\"hr-inner-style\"><\/span><\/span><\/div><\/p><\/div><div class='flex_column av-1gbsr5-1a2a59d101a42107e5538a02401c0e0d av_one_half  avia-builder-el-7  el_after_av_one_half  el_before_av_promobox  flex_column_div '     ><p>\n<style type=\"text\/css\" data-created_by=\"avia_inline_auto\" id=\"style-css-av-7jc55-df1c92a900bc7b26fa4ad1e02c01a98c\">\n#top .av-special-heading.av-7jc55-df1c92a900bc7b26fa4ad1e02c01a98c{\npadding-bottom:10px;\nfont-size:25px;\n}\nbody .av-special-heading.av-7jc55-df1c92a900bc7b26fa4ad1e02c01a98c .av-special-heading-tag .heading-char{\nfont-size:25px;\n}\n#top #wrap_all .av-special-heading.av-7jc55-df1c92a900bc7b26fa4ad1e02c01a98c .av-special-heading-tag{\nfont-size:25px;\n}\n.av-special-heading.av-7jc55-df1c92a900bc7b26fa4ad1e02c01a98c .av-subheading{\nfont-size:15px;\n}\n\n@media only screen and (min-width: 480px) and (max-width: 767px){ \n#top #wrap_all .av-special-heading.av-7jc55-df1c92a900bc7b26fa4ad1e02c01a98c .av-special-heading-tag{\nfont-size:0.8em;\n}\n}\n\n@media only screen and (max-width: 479px){ \n#top #wrap_all .av-special-heading.av-7jc55-df1c92a900bc7b26fa4ad1e02c01a98c .av-special-heading-tag{\nfont-size:0.8em;\n}\n}\n<\/style>\n<div  class='av-special-heading av-7jc55-df1c92a900bc7b26fa4ad1e02c01a98c av-special-heading-h3 blockquote modern-quote  avia-builder-el-8  el_before_av_textblock  avia-builder-el-first  av-inherit-size'><h3 class='av-special-heading-tag'  itemprop=\"headline\"  >Meill\u00e4 on t\u00e4ll\u00e4 hetkell\u00e4<\/h3><div class=\"special-heading-border\"><div class=\"special-heading-inner-border\"><\/div><\/div><\/div><br \/>\n<section  class='av_textblock_section av-13asht-f9c8c74d7034566c224f64b2152b7351'  itemscope=\"itemscope\" itemtype=\"https:\/\/schema.org\/CreativeWork\" ><div class='avia_textblock'  itemprop=\"text\" ><p>\u2022 Ajoneuvojen remonttikokemusta jo yli 25 vuotta;<br \/>\u2022 Ty\u00f6pajat, joiden kokonaispinta-ala on suunnilleen 2800m2, osoitteissa Kadaka pst. 165A ja P\u00e4rnasalu 31, Saue sek\u00e4 Vesse 3, jossa suoritamme sek\u00e4 autopeltisep\u00e4n, runko- ett\u00e4 my\u00f6s maalaust\u00f6it\u00e4. Viimeksi mainitussa ty\u00f6pajassa pystymme korjaamaan my\u00f6s suurikokoisia ajoneuvoja korkeudeltaan jopa 4 metri\u00e4.<br \/>\u2022 Ty\u00f6pajoille kehitetty tietokoneohjelma Autodata ja Cabas kaikkien ajoneuvojen huoltoon ja korjaukseen tarvittavine tietoineen;<br \/>\u2022 Teknologiaa ja laitteita tarjoamaan ajoneuvonkorjauksessa \u201et\u00e4yspalvelua\u201d (pesula, 3D siltalaite, uusin BOSCH-diagnostiikkalaite, ilmastointij\u00e4rjestelmien huoltolaite, ajovalojen valokiilojen s\u00e4\u00e4t\u00f6laite, renkaiden asennus- ja tasapainoituspenkit);<br \/>\u2022 Yleisimpien ajoneuvojen alkuper\u00e4isvaraosa-ohjelmat;<br \/>\u2022 Tarvittaessa maksuton vartioitu pys\u00e4k\u00f6intialue korjaust\u00f6it\u00e4 odottaville ja korjauksessa oleville ajoneuvoille;<br \/>\u2022 Taito olla hyv\u00e4 yhteisty\u00f6kumppani sek\u00e4 yksityisasiakkaille ett\u00e4 yrityksille, joilla on keskisuuri tai suuri ajoneuvokalusto.<\/p>\n<p>Kaikki ty\u00f6n alla olevat asiakkaiden ajoneuvot ja my\u00f6s meid\u00e4n vastuumme on vakuutettu.<\/p>\n<\/div><\/section><br \/>\n<section  class='av_textblock_section av-vuohl-fa5aca3f6b8a3c585f7bb356d865999d'  itemscope=\"itemscope\" itemtype=\"https:\/\/schema.org\/CreativeWork\" ><div class='avia_textblock'  itemprop=\"text\" ><p>Miellytt\u00e4v\u00e4\u00e4 yhteisty\u00f6t\u00e4 toivoen,<\/p>\n<p>Hiteh Autoteenindus O\u00dc<\/p>\n<\/div><\/section><\/p><\/div><div  class='av_promobox av-2qa7d-659094141944b85ef9e044cadc7aecbb avia-button-yes  avia-builder-el-11  el_after_av_one_half  avia-builder-el-last '><div class='avia-promocontent'><p>Ota meihin heti yhteytt\u00e4 ja me teemme hintatarjouksen 48 tunnin kuluessa.<\/p>\n<\/div><div  class='avia-button-wrap av-2qa7d-f00eba6aa2e76f50f5fc00ed8f4d36a4-wrap avia-button-right '><a href='https:\/\/hiteh.ee\/fi\/tagasiside\/'  class='avia-button av-2qa7d-f00eba6aa2e76f50f5fc00ed8f4d36a4 avia-icon_select-yes-left-icon avia-size-large avia-position-right avia-color-theme-color'  ><span class='avia_button_icon avia_button_icon_left' aria-hidden='true' data-av_icon='\ue87d' data-av_iconfont='entypo-fontello'><\/span><span class='avia_iconbox_title' >ESIT\u00c4 HINTAPYYNT\u00d6<\/span><\/a><\/div><\/div>\n\n","protected":false},"excerpt":{"rendered":"","protected":false},"author":2,"featured_media":0,"parent":0,"menu_order":0,"comment_status":"closed","ping_status":"open","template":"","meta":{"footnotes":""},"class_list":["post-513","page","type-page","status-publish","hentry"],"yoast_head":"<!-- This site is optimized with the Yoast SEO plugin v26.9 - https:\/\/yoast.com\/product\/yoast-seo-wordpress\/ -->\n<title>Esileht - Hiteh Autoteenindus<\/title>\n<meta name=\"robots\" content=\"index, follow, max-snippet:-1, max-image-preview:large, max-video-preview:-1\" \/>\n<link rel=\"canonical\" href=\"https:\/\/hiteh.ee\/fi\/esileht\/\" \/>\n<meta property=\"og:locale\" content=\"fi_FI\" \/>\n<meta property=\"og:type\" content=\"article\" \/>\n<meta property=\"og:title\" content=\"Esileht - Hiteh Autoteenindus\" \/>\n<meta property=\"og:url\" content=\"https:\/\/hiteh.ee\/fi\/esileht\/\" \/>\n<meta property=\"og:site_name\" content=\"Hiteh Autoteenindus\" \/>\n<meta property=\"article:modified_time\" content=\"2025-07-04T06:53:58+00:00\" \/>\n<meta name=\"twitter:card\" content=\"summary_large_image\" \/>\n<meta name=\"twitter:label1\" content=\"Arvioitu lukuaika\" \/>\n\t<meta name=\"twitter:data1\" content=\"2 minuuttia\" \/>\n<script type=\"application\/ld+json\" class=\"yoast-schema-graph\">{\"@context\":\"https:\/\/schema.org\",\"@graph\":[{\"@type\":\"WebPage\",\"@id\":\"https:\/\/hiteh.ee\/fi\/esileht\/\",\"url\":\"https:\/\/hiteh.ee\/fi\/esileht\/\",\"name\":\"Esileht - Hiteh Autoteenindus\",\"isPartOf\":{\"@id\":\"https:\/\/hiteh.ee\/#website\"},\"datePublished\":\"2014-07-15T15:23:04+00:00\",\"dateModified\":\"2025-07-04T06:53:58+00:00\",\"breadcrumb\":{\"@id\":\"https:\/\/hiteh.ee\/fi\/esileht\/#breadcrumb\"},\"inLanguage\":\"fi\",\"potentialAction\":[{\"@type\":\"ReadAction\",\"target\":[\"https:\/\/hiteh.ee\/fi\/esileht\/\"]}]},{\"@type\":\"BreadcrumbList\",\"@id\":\"https:\/\/hiteh.ee\/fi\/esileht\/#breadcrumb\",\"itemListElement\":[{\"@type\":\"ListItem\",\"position\":1,\"name\":\"Home\",\"item\":\"https:\/\/hiteh.ee\/fi\/esileht\/\"},{\"@type\":\"ListItem\",\"position\":2,\"name\":\"Esileht\"}]},{\"@type\":\"WebSite\",\"@id\":\"https:\/\/hiteh.ee\/#website\",\"url\":\"https:\/\/hiteh.ee\/\",\"name\":\"Hiteh Autoteenindus\",\"description\":\"Autoteenindus\",\"publisher\":{\"@id\":\"https:\/\/hiteh.ee\/#organization\"},\"potentialAction\":[{\"@type\":\"SearchAction\",\"target\":{\"@type\":\"EntryPoint\",\"urlTemplate\":\"https:\/\/hiteh.ee\/?s={search_term_string}\"},\"query-input\":{\"@type\":\"PropertyValueSpecification\",\"valueRequired\":true,\"valueName\":\"search_term_string\"}}],\"inLanguage\":\"fi\"},{\"@type\":\"Organization\",\"@id\":\"https:\/\/hiteh.ee\/#organization\",\"name\":\"Hiteh Autokeskus\",\"url\":\"https:\/\/hiteh.ee\/\",\"logo\":{\"@type\":\"ImageObject\",\"inLanguage\":\"fi\",\"@id\":\"https:\/\/hiteh.ee\/#\/schema\/logo\/image\/\",\"url\":\"https:\/\/hiteh.ee\/wp-content\/uploads\/2019\/07\/Hiteh-logo235x100.png\",\"contentUrl\":\"https:\/\/hiteh.ee\/wp-content\/uploads\/2019\/07\/Hiteh-logo235x100.png\",\"width\":235,\"height\":100,\"caption\":\"Hiteh Autokeskus\"},\"image\":{\"@id\":\"https:\/\/hiteh.ee\/#\/schema\/logo\/image\/\"}}]}<\/script>\n<!-- \/ Yoast SEO plugin. -->","yoast_head_json":{"title":"Esileht - Hiteh Autoteenindus","robots":{"index":"index","follow":"follow","max-snippet":"max-snippet:-1","max-image-preview":"max-image-preview:large","max-video-preview":"max-video-preview:-1"},"canonical":"https:\/\/hiteh.ee\/fi\/esileht\/","og_locale":"fi_FI","og_type":"article","og_title":"Esileht - Hiteh Autoteenindus","og_url":"https:\/\/hiteh.ee\/fi\/esileht\/","og_site_name":"Hiteh Autoteenindus","article_modified_time":"2025-07-04T06:53:58+00:00","twitter_card":"summary_large_image","twitter_misc":{"Arvioitu lukuaika":"2 minuuttia"},"schema":{"@context":"https:\/\/schema.org","@graph":[{"@type":"WebPage","@id":"https:\/\/hiteh.ee\/fi\/esileht\/","url":"https:\/\/hiteh.ee\/fi\/esileht\/","name":"Esileht - Hiteh Autoteenindus","isPartOf":{"@id":"https:\/\/hiteh.ee\/#website"},"datePublished":"2014-07-15T15:23:04+00:00","dateModified":"2025-07-04T06:53:58+00:00","breadcrumb":{"@id":"https:\/\/hiteh.ee\/fi\/esileht\/#breadcrumb"},"inLanguage":"fi","potentialAction":[{"@type":"ReadAction","target":["https:\/\/hiteh.ee\/fi\/esileht\/"]}]},{"@type":"BreadcrumbList","@id":"https:\/\/hiteh.ee\/fi\/esileht\/#breadcrumb","itemListElement":[{"@type":"ListItem","position":1,"name":"Home","item":"https:\/\/hiteh.ee\/fi\/esileht\/"},{"@type":"ListItem","position":2,"name":"Esileht"}]},{"@type":"WebSite","@id":"https:\/\/hiteh.ee\/#website","url":"https:\/\/hiteh.ee\/","name":"Hiteh Autoteenindus","description":"Autoteenindus","publisher":{"@id":"https:\/\/hiteh.ee\/#organization"},"potentialAction":[{"@type":"SearchAction","target":{"@type":"EntryPoint","urlTemplate":"https:\/\/hiteh.ee\/?s={search_term_string}"},"query-input":{"@type":"PropertyValueSpecification","valueRequired":true,"valueName":"search_term_string"}}],"inLanguage":"fi"},{"@type":"Organization","@id":"https:\/\/hiteh.ee\/#organization","name":"Hiteh Autokeskus","url":"https:\/\/hiteh.ee\/","logo":{"@type":"ImageObject","inLanguage":"fi","@id":"https:\/\/hiteh.ee\/#\/schema\/logo\/image\/","url":"https:\/\/hiteh.ee\/wp-content\/uploads\/2019\/07\/Hiteh-logo235x100.png","contentUrl":"https:\/\/hiteh.ee\/wp-content\/uploads\/2019\/07\/Hiteh-logo235x100.png","width":235,"height":100,"caption":"Hiteh Autokeskus"},"image":{"@id":"https:\/\/hiteh.ee\/#\/schema\/logo\/image\/"}}]}},"_links":{"self":[{"href":"https:\/\/hiteh.ee\/fi\/wp-json\/wp\/v2\/pages\/513","targetHints":{"allow":["GET"]}}],"collection":[{"href":"https:\/\/hiteh.ee\/fi\/wp-json\/wp\/v2\/pages"}],"about":[{"href":"https:\/\/hiteh.ee\/fi\/wp-json\/wp\/v2\/types\/page"}],"author":[{"embeddable":true,"href":"https:\/\/hiteh.ee\/fi\/wp-json\/wp\/v2\/users\/2"}],"replies":[{"embeddable":true,"href":"https:\/\/hiteh.ee\/fi\/wp-json\/wp\/v2\/comments?post=513"}],"version-history":[{"count":2,"href":"https:\/\/hiteh.ee\/fi\/wp-json\/wp\/v2\/pages\/513\/revisions"}],"predecessor-version":[{"id":13917,"href":"https:\/\/hiteh.ee\/fi\/wp-json\/wp\/v2\/pages\/513\/revisions\/13917"}],"wp:attachment":[{"href":"https:\/\/hiteh.ee\/fi\/wp-json\/wp\/v2\/media?parent=513"}],"curies":[{"name":"wp","href":"https:\/\/api.w.org\/{rel}","templated":true}]}}