{"id":516,"date":"2014-07-15T15:38:48","date_gmt":"2014-07-15T15:38:48","guid":{"rendered":"https:\/\/hiteh.ee\/hinnakiri-2\/"},"modified":"2025-01-14T11:56:39","modified_gmt":"2025-01-14T08:56:39","slug":"hinnakiri","status":"publish","type":"page","link":"https:\/\/hiteh.ee\/fi\/hinnakiri\/","title":{"rendered":"Hinnakiri"},"content":{"rendered":"<div class='flex_column av-5rayak-f6f69a47c8450ded675343fa996a63b0 av_one_full  avia-builder-el-0  avia-builder-el-no-sibling  first flex_column_div '     ><p>\n<style type=\"text\/css\" data-created_by=\"avia_inline_auto\" id=\"style-css-av-s2mbik-1b24c9132f912f0acfd0cbaa53e07863\">\n#top .av-special-heading.av-s2mbik-1b24c9132f912f0acfd0cbaa53e07863{\npadding-bottom:10px;\n}\nbody .av-special-heading.av-s2mbik-1b24c9132f912f0acfd0cbaa53e07863 .av-special-heading-tag .heading-char{\nfont-size:25px;\n}\n.av-special-heading.av-s2mbik-1b24c9132f912f0acfd0cbaa53e07863 .av-subheading{\nfont-size:15px;\n}\n<\/style>\n<div  class='av-special-heading av-s2mbik-1b24c9132f912f0acfd0cbaa53e07863 av-special-heading-h3 blockquote modern-quote  avia-builder-el-1  el_before_av_table  avia-builder-el-first '><h3 class='av-special-heading-tag'  itemprop=\"headline\"  >Palveluhinnastomme<\/h3><div class=\"special-heading-border\"><div class=\"special-heading-inner-border\"><\/div><\/div><\/div><br \/>\n<div class='avia-data-table-wrap av-jd1x3-680c24ff70b99c0c46f06e675eb8770a avia_responsive_table avia-table-1'><table  class='avia-table avia-data-table avia_pricing_default  avia-builder-el-2  el_after_av_heading  el_before_av_textblock '  itemscope=\"itemscope\" itemtype=\"https:\/\/schema.org\/Table\" ><tbody><tr class='avia-heading-row'><th class=''>Palvelu <\/th><th class=''>Ohjehinta <\/th><th class=''>Hinta kantaasiakkalle<\/th><th class=''>Kadaka<\/th><th class=''>Saue<\/th><th class=''>Lasnam\u00e4e<\/th><\/tr><tr class=''><td class=''>Henkil\u00f6autojen huolto ja korjausty\u00f6t<\/td><td class=''>55 \u20ac\/h<\/td><td class=''>-10%<\/td><td class=''>*<\/td><td class=''>*<\/td><td class=''><\/td><\/tr><tr class=''><td class=''>Henkil\u00f6autojen korjaus asiakaan varaosilla<\/td><td class=''>65 \u20ac\/h<\/td><td class=''>-10%<\/td><td class=''>*<\/td><td class=''>*<\/td><td class=''><\/td><\/tr><tr class=''><td class=''>Paketti- ja maastoautojen huolto ja korjausty\u00f6t<\/td><td class=''>55 \u20ac\/h<\/td><td class=''>-10%<\/td><td class=''>*<\/td><td class=''>*<\/td><td class=''><\/td><\/tr><tr class=''><td class=''>Ilmastointilaiteen huolto \/tarkistus<\/td><td class=''>55 \u20ac<br \/>\n<\/td><td class=''>-10%<\/td><td class=''>*<\/td><td class=''>*<\/td><td class=''>*<\/td><\/tr><tr class=''><td class=''>Kylm\u00e4aine R134, 100 g<\/td><td class=''>5 \u20ac<\/td><td class=''><\/td><td class=''>*<\/td><td class=''><\/td><td class=''>*<\/td><\/tr><tr class=''><td class=''>Kylm\u00e4aine R1234YF, 100 g<\/td><td class=''>20 \u20ac<\/td><td class=''><\/td><td class=''>*<\/td><td class=''>*<\/td><td class=''>*<\/td><\/tr><tr class=''><td class=''>Ajovalojen s\u00e4\u00e4t\u00f6<\/td><td class=''>25,5 \u20ac<\/td><td class=''>-10%<\/td><td class=''>*<\/td><td class=''><\/td><td class=''>*<\/td><\/tr><tr class=''><td class=''>S\u00e4hk\u00f6ty\u00f6t \/diagnostiikka<\/td><td class=''>65 \u20ac\/h<\/td><td class=''>-10%<\/td><td class=''>*<\/td><td class=''><\/td><td class=''><\/td><\/tr><tr class=''><td class=''>Vianhaku ja vikakoodien luku<\/td><td class=''>31 \u20ac<\/td><td class=''>-10%<\/td><td class=''>*<\/td><td class=''>*<\/td><td class=''>*<\/td><\/tr><tr class=''><td class=''>Etuakselin aurauskulmien s\u00e4\u00e4t\u00f6<\/td><td class=''>55 \u20ac<\/td><td class=''>-10%<\/td><td class=''>*<\/td><td class=''><\/td><td class=''><\/td><\/tr><tr class=''><td class=''>Etu- ja takaakselin aurauskulmien s\u00e4\u00e4t\u00f6<\/td><td class=''>75 \u20ac<\/td><td class=''>-10%<\/td><td class=''>*<\/td><td class=''><\/td><td class=''><\/td><\/tr><tr class=''><td class=''>Auton kuntotarkastus, mm. video<\/td><td class=''>80 \u20ac<\/td><td class=''>-10%<\/td><td class=''>*<\/td><td class=''><\/td><td class=''><\/td><\/tr><tr class=''><td class=''>Auton korin kuntotarkastus<\/td><td class=''>51 \u20ac<\/td><td class=''>-10%<\/td><td class=''>*<\/td><td class=''>*<\/td><td class=''>*<\/td><\/tr><tr class=''><td class=''>Rengasty\u00f6t (ei sis\u00e4ll\u00e4 materiaaleja).<\/p>\n<p>T\u00e4ysvaihto alk.<\/td><td class=''>55 \u20ac<\/td><td class=''>-10%<\/td><td class=''>*<\/td><td class=''>*<\/td><td class=''><\/td><\/tr><tr class=''><td class=''>Rengashotelli \/ kausi<\/td><td class=''>37 \u20ac<\/td><td class=''><\/td><td class=''>*<\/td><td class=''><\/td><td class=''><\/td><\/tr><tr class=''><td class=''>Ajovalojen restaurointi alk.\/kpl.<br \/>\n<a href=\"https:\/\/hiteh.ee\/fi\/tagasiside\/\">Kysy tarjousta<\/a><br \/>\n<\/td><td class=''>80 \u20ac<\/td><td class=''><\/td><td class=''>*<\/td><td class=''>*<\/td><td class=''>*<\/td><\/tr><tr class=''><td class=''>Suoristusty\u00f6t<\/td><td class=''>65 \u20ac\/h<\/td><td class=''>Yritysasiakaalle sopimuksen mukaan<\/td><td class=''>*<\/td><td class=''>*<\/td><td class=''>*<\/td><\/tr><tr class=''><td class=''>Peltity\u00f6t ja asennusty\u00f6t<\/td><td class=''>48 \u20ac\/h<\/td><td class=''>Yritysasiakaalle sopimuksen mukaan<\/td><td class=''>*<\/td><td class=''>*<\/td><td class=''>*<\/td><\/tr><tr class=''><td class=''>Maalausty\u00f6t<br \/>\n<a href=\"https:\/\/hiteh.ee\/kuidas-kujuneb-auto-varvimise-hind\/\">Katso maalaust\u00f6iden hintaesimerkkej\u00e4<\/a><\/td><td class=''>65 \u20ac\/h<\/td><td class=''>Yritysasiakaalle sopimuksen mukaan<\/td><td class=''>*<\/td><td class=''>*<\/td><td class=''>*<\/td><\/tr><tr class=''><td class=''>Maalausmateriaalit<\/td><td class=''>90 \u20ac\/m2<\/td><td class=''><\/td><td class=''><\/td><td class=''><\/td><td class=''><\/td><\/tr><tr class=''><td class=''>Renkaan kierr\u00e4tys, 4 kpl<\/td><td class=''>10 \u20ac<\/td><td class=''><\/td><td class=''>*<\/td><td class=''>*<\/td><td class=''><\/td><\/tr><\/tbody><\/table><\/div><style type='text\/css'>.avia-table-1 td:nth-of-type(1):before { content: 'Palvelu '; } .avia-table-1 td:nth-of-type(2):before { content: 'Ohjehinta '; } .avia-table-1 td:nth-of-type(3):before { content: 'Hinta kantaasiakkalle'; } .avia-table-1 td:nth-of-type(4):before { content: 'Kadaka'; } .avia-table-1 td:nth-of-type(5):before { content: 'Saue'; } .avia-table-1 td:nth-of-type(6):before { content: 'Lasnam\u00e4e'; } <\/style><br \/>\n<section  class='av_textblock_section av-8vl10-773cfc09741f6bd96c5c573408779366'  itemscope=\"itemscope\" itemtype=\"https:\/\/schema.org\/CreativeWork\" ><div class='avia_textblock'  itemprop=\"text\" ><p>*hinnat sis\u00e4lt\u00e4v\u00e4t arvonlis\u00e4veron 22%<\/p>\n<\/div><\/section><br \/>\n<section  class='av_textblock_section av-5bw0o4-9a73ff2a49b3eaf99e7c94e78831d2f7'  itemscope=\"itemscope\" itemtype=\"https:\/\/schema.org\/CreativeWork\" ><div class='avia_textblock'  itemprop=\"text\" ><p>Tarkemman tarjouksen saamiseksi ota meihin yhteytt\u00e4!<\/p>\n<\/div><\/section><br \/>\n<div  class='avia-button-wrap av-57lixw-4f94bd9e00a86da08687ef3e1088c32a-wrap avia-button-left  avia-builder-el-5  el_after_av_textblock  avia-builder-el-last '><a href='https:\/\/hiteh.ee\/fi\/tagasiside\/'  class='avia-button av-57lixw-4f94bd9e00a86da08687ef3e1088c32a avia-icon_select-yes-left-icon avia-size-large avia-position-left avia-color-theme-color'  ><span class='avia_button_icon avia_button_icon_left' aria-hidden='true' data-av_icon='\ue87d' data-av_iconfont='entypo-fontello'><\/span><span class='avia_iconbox_title' >ESIT\u00c4 HINTAPYYNT\u00d6<\/span><\/a><\/div><\/p><\/div>\n","protected":false},"excerpt":{"rendered":"","protected":false},"author":2,"featured_media":0,"parent":0,"menu_order":0,"comment_status":"open","ping_status":"open","template":"","meta":{"footnotes":""},"class_list":["post-516","page","type-page","status-publish","hentry"],"yoast_head":"<!-- This site is optimized with the Yoast SEO plugin v26.9 - https:\/\/yoast.com\/product\/yoast-seo-wordpress\/ -->\n<title>Hinnakiri - Hiteh Autoteenindus<\/title>\n<meta name=\"robots\" content=\"index, follow, max-snippet:-1, max-image-preview:large, max-video-preview:-1\" \/>\n<link rel=\"canonical\" href=\"https:\/\/hiteh.ee\/fi\/hinnakiri\/\" \/>\n<meta property=\"og:locale\" content=\"fi_FI\" \/>\n<meta property=\"og:type\" content=\"article\" \/>\n<meta property=\"og:title\" content=\"Hinnakiri - Hiteh Autoteenindus\" \/>\n<meta property=\"og:url\" content=\"https:\/\/hiteh.ee\/fi\/hinnakiri\/\" \/>\n<meta property=\"og:site_name\" content=\"Hiteh Autoteenindus\" \/>\n<meta property=\"article:modified_time\" content=\"2025-01-14T08:56:39+00:00\" \/>\n<meta name=\"twitter:card\" content=\"summary_large_image\" \/>\n<script type=\"application\/ld+json\" class=\"yoast-schema-graph\">{\"@context\":\"https:\/\/schema.org\",\"@graph\":[{\"@type\":\"WebPage\",\"@id\":\"https:\/\/hiteh.ee\/fi\/hinnakiri\/\",\"url\":\"https:\/\/hiteh.ee\/fi\/hinnakiri\/\",\"name\":\"Hinnakiri - Hiteh Autoteenindus\",\"isPartOf\":{\"@id\":\"https:\/\/hiteh.ee\/#website\"},\"datePublished\":\"2014-07-15T15:38:48+00:00\",\"dateModified\":\"2025-01-14T08:56:39+00:00\",\"breadcrumb\":{\"@id\":\"https:\/\/hiteh.ee\/fi\/hinnakiri\/#breadcrumb\"},\"inLanguage\":\"fi\",\"potentialAction\":[{\"@type\":\"ReadAction\",\"target\":[\"https:\/\/hiteh.ee\/fi\/hinnakiri\/\"]}]},{\"@type\":\"BreadcrumbList\",\"@id\":\"https:\/\/hiteh.ee\/fi\/hinnakiri\/#breadcrumb\",\"itemListElement\":[{\"@type\":\"ListItem\",\"position\":1,\"name\":\"Home\",\"item\":\"https:\/\/hiteh.ee\/fi\/esileht\/\"},{\"@type\":\"ListItem\",\"position\":2,\"name\":\"Hinnakiri\"}]},{\"@type\":\"WebSite\",\"@id\":\"https:\/\/hiteh.ee\/#website\",\"url\":\"https:\/\/hiteh.ee\/\",\"name\":\"Hiteh Autoteenindus\",\"description\":\"Autoteenindus\",\"publisher\":{\"@id\":\"https:\/\/hiteh.ee\/#organization\"},\"potentialAction\":[{\"@type\":\"SearchAction\",\"target\":{\"@type\":\"EntryPoint\",\"urlTemplate\":\"https:\/\/hiteh.ee\/?s={search_term_string}\"},\"query-input\":{\"@type\":\"PropertyValueSpecification\",\"valueRequired\":true,\"valueName\":\"search_term_string\"}}],\"inLanguage\":\"fi\"},{\"@type\":\"Organization\",\"@id\":\"https:\/\/hiteh.ee\/#organization\",\"name\":\"Hiteh Autokeskus\",\"url\":\"https:\/\/hiteh.ee\/\",\"logo\":{\"@type\":\"ImageObject\",\"inLanguage\":\"fi\",\"@id\":\"https:\/\/hiteh.ee\/#\/schema\/logo\/image\/\",\"url\":\"https:\/\/hiteh.ee\/wp-content\/uploads\/2019\/07\/Hiteh-logo235x100.png\",\"contentUrl\":\"https:\/\/hiteh.ee\/wp-content\/uploads\/2019\/07\/Hiteh-logo235x100.png\",\"width\":235,\"height\":100,\"caption\":\"Hiteh Autokeskus\"},\"image\":{\"@id\":\"https:\/\/hiteh.ee\/#\/schema\/logo\/image\/\"}}]}<\/script>\n<!-- \/ Yoast SEO plugin. -->","yoast_head_json":{"title":"Hinnakiri - Hiteh Autoteenindus","robots":{"index":"index","follow":"follow","max-snippet":"max-snippet:-1","max-image-preview":"max-image-preview:large","max-video-preview":"max-video-preview:-1"},"canonical":"https:\/\/hiteh.ee\/fi\/hinnakiri\/","og_locale":"fi_FI","og_type":"article","og_title":"Hinnakiri - Hiteh Autoteenindus","og_url":"https:\/\/hiteh.ee\/fi\/hinnakiri\/","og_site_name":"Hiteh Autoteenindus","article_modified_time":"2025-01-14T08:56:39+00:00","twitter_card":"summary_large_image","schema":{"@context":"https:\/\/schema.org","@graph":[{"@type":"WebPage","@id":"https:\/\/hiteh.ee\/fi\/hinnakiri\/","url":"https:\/\/hiteh.ee\/fi\/hinnakiri\/","name":"Hinnakiri - Hiteh Autoteenindus","isPartOf":{"@id":"https:\/\/hiteh.ee\/#website"},"datePublished":"2014-07-15T15:38:48+00:00","dateModified":"2025-01-14T08:56:39+00:00","breadcrumb":{"@id":"https:\/\/hiteh.ee\/fi\/hinnakiri\/#breadcrumb"},"inLanguage":"fi","potentialAction":[{"@type":"ReadAction","target":["https:\/\/hiteh.ee\/fi\/hinnakiri\/"]}]},{"@type":"BreadcrumbList","@id":"https:\/\/hiteh.ee\/fi\/hinnakiri\/#breadcrumb","itemListElement":[{"@type":"ListItem","position":1,"name":"Home","item":"https:\/\/hiteh.ee\/fi\/esileht\/"},{"@type":"ListItem","position":2,"name":"Hinnakiri"}]},{"@type":"WebSite","@id":"https:\/\/hiteh.ee\/#website","url":"https:\/\/hiteh.ee\/","name":"Hiteh Autoteenindus","description":"Autoteenindus","publisher":{"@id":"https:\/\/hiteh.ee\/#organization"},"potentialAction":[{"@type":"SearchAction","target":{"@type":"EntryPoint","urlTemplate":"https:\/\/hiteh.ee\/?s={search_term_string}"},"query-input":{"@type":"PropertyValueSpecification","valueRequired":true,"valueName":"search_term_string"}}],"inLanguage":"fi"},{"@type":"Organization","@id":"https:\/\/hiteh.ee\/#organization","name":"Hiteh Autokeskus","url":"https:\/\/hiteh.ee\/","logo":{"@type":"ImageObject","inLanguage":"fi","@id":"https:\/\/hiteh.ee\/#\/schema\/logo\/image\/","url":"https:\/\/hiteh.ee\/wp-content\/uploads\/2019\/07\/Hiteh-logo235x100.png","contentUrl":"https:\/\/hiteh.ee\/wp-content\/uploads\/2019\/07\/Hiteh-logo235x100.png","width":235,"height":100,"caption":"Hiteh Autokeskus"},"image":{"@id":"https:\/\/hiteh.ee\/#\/schema\/logo\/image\/"}}]}},"_links":{"self":[{"href":"https:\/\/hiteh.ee\/fi\/wp-json\/wp\/v2\/pages\/516","targetHints":{"allow":["GET"]}}],"collection":[{"href":"https:\/\/hiteh.ee\/fi\/wp-json\/wp\/v2\/pages"}],"about":[{"href":"https:\/\/hiteh.ee\/fi\/wp-json\/wp\/v2\/types\/page"}],"author":[{"embeddable":true,"href":"https:\/\/hiteh.ee\/fi\/wp-json\/wp\/v2\/users\/2"}],"replies":[{"embeddable":true,"href":"https:\/\/hiteh.ee\/fi\/wp-json\/wp\/v2\/comments?post=516"}],"version-history":[{"count":11,"href":"https:\/\/hiteh.ee\/fi\/wp-json\/wp\/v2\/pages\/516\/revisions"}],"predecessor-version":[{"id":5957,"href":"https:\/\/hiteh.ee\/fi\/wp-json\/wp\/v2\/pages\/516\/revisions\/5957"}],"wp:attachment":[{"href":"https:\/\/hiteh.ee\/fi\/wp-json\/wp\/v2\/media?parent=516"}],"curies":[{"name":"wp","href":"https:\/\/api.w.org\/{rel}","templated":true}]}}