{"id":519,"date":"2014-08-05T11:29:15","date_gmt":"2014-08-05T11:29:15","guid":{"rendered":"https:\/\/hiteh.ee\/kahjukasitlus-2\/"},"modified":"2016-02-16T18:31:47","modified_gmt":"2016-02-16T18:31:47","slug":"kahjukasitlus","status":"publish","type":"page","link":"https:\/\/hiteh.ee\/fi\/kahjukasitlus\/","title":{"rendered":"Kahjuk\u00e4sitlus"},"content":{"rendered":"<div class='flex_column av-av_one_full-2a9015ff38129c418a3f2eafba3e9512 av_one_full  avia-builder-el-0  el_before_av_one_half  avia-builder-el-first  first flex_column_div '     ><style type=\"text\/css\" data-created_by=\"avia_inline_auto\" id=\"style-css-av-av_heading-b0dbaed7ff81afda604e806733dfa8cd\">\n#top .av-special-heading.av-av_heading-b0dbaed7ff81afda604e806733dfa8cd{\npadding-bottom:10px;\nfont-size:35px;\n}\nbody .av-special-heading.av-av_heading-b0dbaed7ff81afda604e806733dfa8cd .av-special-heading-tag .heading-char{\nfont-size:25px;\n}\n#top #wrap_all .av-special-heading.av-av_heading-b0dbaed7ff81afda604e806733dfa8cd .av-special-heading-tag{\nfont-size:35px;\n}\n.av-special-heading.av-av_heading-b0dbaed7ff81afda604e806733dfa8cd .av-subheading{\nfont-size:15px;\n}\n\n@media only screen and (min-width: 480px) and (max-width: 767px){ \n#top #wrap_all .av-special-heading.av-av_heading-b0dbaed7ff81afda604e806733dfa8cd .av-special-heading-tag{\nfont-size:0.8em;\n}\n}\n\n@media only screen and (max-width: 479px){ \n#top #wrap_all .av-special-heading.av-av_heading-b0dbaed7ff81afda604e806733dfa8cd .av-special-heading-tag{\nfont-size:0.8em;\n}\n}\n<\/style>\n<div  class='av-special-heading av-av_heading-b0dbaed7ff81afda604e806733dfa8cd av-special-heading-h3 blockquote modern-quote  avia-builder-el-1  avia-builder-el-no-sibling  av-inherit-size'><h3 class='av-special-heading-tag'  itemprop=\"headline\"  >Miten toimitaan, kun on sattunut liikenneonnettomuus?<\/h3><div class=\"special-heading-border\"><div class=\"special-heading-inner-border\"><\/div><\/div><\/div><\/div>\n<div class='flex_column av-av_one_half-2a9015ff38129c418a3f2eafba3e9512 av_one_half  avia-builder-el-2  el_after_av_one_full  el_before_av_one_half  first flex_column_div column-top-margin'     ><section  class='av_textblock_section av-av_textblock-0366cc7376be6c9e82a3e9cc8987b64f'  itemscope=\"itemscope\" itemtype=\"https:\/\/schema.org\/CreativeWork\" ><div class='avia_textblock'  itemprop=\"text\" ><p>Jos liikenneonnettomuudessa on loukkaantuneita, siit\u00e4 tulee v\u00e4litt\u00f6m\u00e4sti ilmoittaa pelastuslaitokselle 112 tai poliisille 110.<\/p>\n<p>Jos liikenneonnettomuudessa ei ole loukkaantuneita ja kuljettajat ovat aiheuttamisen vastuun suhteen samaa mielt\u00e4, ei poliisille tarvitse ilmoittaa.<\/p>\n<p>Liikennevahingon yhteydess\u00e4 tulee t\u00e4ytt\u00e4\u00e4 lomake <a title=\"teade liiklus\u00f5nnetusest\" href=\"https:\/\/lkf.ee\/images\/files\/Teade_liiklusonnetusest_2015_A4.pdf\" target=\"_blank\" rel=\"noopener\">-liikenneonnettomuusilmoitus<\/a> tai laatia vapaamuotoinen ja allekirjoitettu kirjallinen selvitys.<\/p>\n<p>Ota ensi tilassa yhteytt\u00e4 meid\u00e4n vahinkok\u00e4sittelyymme 6 711 600, paikalle tullessasi ota mukaan rekisteriote ja ajokortti.<\/p>\n<p>Meid\u00e4n neuvonantajamme auttavat laatimaan vakuutusyhti\u00f6lle <a title=\"s\u00f5idukikahjuh\u00fcvitise taotlus\" href=\"http:\/\/www.lkf.ee\/images\/files\/Hyvitistaotlus_turuylene(6).pdf\" target=\"_blank\" rel=\"noopener\">ajoneuvon vahingonkorvausanomuksen<\/a> ja suorittavat vaurioituneen ajoneuvon tarkastuksen.<\/p>\n<\/div><\/section><\/div><div class='flex_column av-av_one_half-f78fb3c186c5ceb3cf0bf54353219056 av_one_half  avia-builder-el-4  el_after_av_one_half  avia-builder-el-last  flex_column_div column-top-margin'     ><section  class='av_textblock_section av-av_textblock-0366cc7376be6c9e82a3e9cc8987b64f'  itemscope=\"itemscope\" itemtype=\"https:\/\/schema.org\/CreativeWork\" ><div class='avia_textblock'  itemprop=\"text\" ><p>Tarvittavat asiakirjat:<\/p>\n<p>Rekisteriote<br \/>\nAjokortti<br \/>\nLiikenneonnettomuusilmoitus<\/p>\n<p>Abiks:<\/p>\n<p><a title=\"Teade\u00a0liiklus\u00f5nnetusest\" href=\"https:\/\/lkf.ee\/images\/files\/Teade_liiklusonnetusest_2015_A4.pdf\" target=\"_blank\" rel=\"noopener\">Liikenneonnettomuusilmoitus<\/a><br \/>\n<a title=\"S\u00f5idukikahju\u00a0h\u00fcvitise\u00a0taotlus\" href=\"http:\/\/www.lkf.ee\/images\/files\/Hyvitistaotlus_turuylene(6).pdf\" target=\"_blank\" rel=\"noopener\">Ajoneuvon vahingonkorvausanomus <\/a><br \/>\n<a title=\"K\u00e4itumine\u00a0liiklus\u00f5nnetuse\u00a0korral\" href=\"http:\/\/www.lkf.ee\/images\/files\/Kaitumine_LO_korral.pdf\" target=\"_blank\" rel=\"noopener\">Toiminta liikenneonnettomuuden yhteydess\u00e4<\/a><\/p>\n<\/div><\/section><\/div><\/p>\n","protected":false},"excerpt":{"rendered":"","protected":false},"author":2,"featured_media":0,"parent":0,"menu_order":0,"comment_status":"open","ping_status":"open","template":"","meta":{"footnotes":""},"class_list":["post-519","page","type-page","status-publish","hentry"],"yoast_head":"<!-- This site is optimized with the Yoast SEO plugin v26.9 - https:\/\/yoast.com\/product\/yoast-seo-wordpress\/ -->\n<title>Kahjuk\u00e4sitlus - Hiteh Autoteenindus<\/title>\n<meta name=\"robots\" content=\"index, follow, max-snippet:-1, max-image-preview:large, max-video-preview:-1\" \/>\n<link rel=\"canonical\" href=\"https:\/\/hiteh.ee\/kahjukasitlus\/\" \/>\n<meta property=\"og:locale\" content=\"fi_FI\" \/>\n<meta property=\"og:type\" content=\"article\" \/>\n<meta property=\"og:title\" content=\"Kahjuk\u00e4sitlus - Hiteh Autoteenindus\" \/>\n<meta property=\"og:url\" content=\"https:\/\/hiteh.ee\/kahjukasitlus\/\" \/>\n<meta property=\"og:site_name\" content=\"Hiteh Autoteenindus\" \/>\n<meta property=\"article:modified_time\" content=\"2016-02-16T18:31:47+00:00\" \/>\n<meta name=\"twitter:card\" content=\"summary_large_image\" \/>\n<meta name=\"twitter:label1\" content=\"Arvioitu lukuaika\" \/>\n\t<meta name=\"twitter:data1\" content=\"1 minuutti\" \/>\n<script type=\"application\/ld+json\" class=\"yoast-schema-graph\">{\"@context\":\"https:\/\/schema.org\",\"@graph\":[{\"@type\":\"WebPage\",\"@id\":\"https:\/\/hiteh.ee\/kahjukasitlus\/\",\"url\":\"https:\/\/hiteh.ee\/kahjukasitlus\/\",\"name\":\"Kahjuk\u00e4sitlus - Hiteh Autoteenindus\",\"isPartOf\":{\"@id\":\"https:\/\/hiteh.ee\/#website\"},\"datePublished\":\"2014-08-05T11:29:15+00:00\",\"dateModified\":\"2016-02-16T18:31:47+00:00\",\"breadcrumb\":{\"@id\":\"https:\/\/hiteh.ee\/kahjukasitlus\/#breadcrumb\"},\"inLanguage\":\"fi\",\"potentialAction\":[{\"@type\":\"ReadAction\",\"target\":[\"https:\/\/hiteh.ee\/kahjukasitlus\/\"]}]},{\"@type\":\"BreadcrumbList\",\"@id\":\"https:\/\/hiteh.ee\/kahjukasitlus\/#breadcrumb\",\"itemListElement\":[{\"@type\":\"ListItem\",\"position\":1,\"name\":\"Home\",\"item\":\"https:\/\/hiteh.ee\/fi\/esileht\/\"},{\"@type\":\"ListItem\",\"position\":2,\"name\":\"Kahjuk\u00e4sitlus\"}]},{\"@type\":\"WebSite\",\"@id\":\"https:\/\/hiteh.ee\/#website\",\"url\":\"https:\/\/hiteh.ee\/\",\"name\":\"Hiteh Autoteenindus\",\"description\":\"Autoteenindus\",\"publisher\":{\"@id\":\"https:\/\/hiteh.ee\/#organization\"},\"potentialAction\":[{\"@type\":\"SearchAction\",\"target\":{\"@type\":\"EntryPoint\",\"urlTemplate\":\"https:\/\/hiteh.ee\/?s={search_term_string}\"},\"query-input\":{\"@type\":\"PropertyValueSpecification\",\"valueRequired\":true,\"valueName\":\"search_term_string\"}}],\"inLanguage\":\"fi\"},{\"@type\":\"Organization\",\"@id\":\"https:\/\/hiteh.ee\/#organization\",\"name\":\"Hiteh Autokeskus\",\"url\":\"https:\/\/hiteh.ee\/\",\"logo\":{\"@type\":\"ImageObject\",\"inLanguage\":\"fi\",\"@id\":\"https:\/\/hiteh.ee\/#\/schema\/logo\/image\/\",\"url\":\"https:\/\/hiteh.ee\/wp-content\/uploads\/2019\/07\/Hiteh-logo235x100.png\",\"contentUrl\":\"https:\/\/hiteh.ee\/wp-content\/uploads\/2019\/07\/Hiteh-logo235x100.png\",\"width\":235,\"height\":100,\"caption\":\"Hiteh Autokeskus\"},\"image\":{\"@id\":\"https:\/\/hiteh.ee\/#\/schema\/logo\/image\/\"}}]}<\/script>\n<!-- \/ Yoast SEO plugin. -->","yoast_head_json":{"title":"Kahjuk\u00e4sitlus - Hiteh Autoteenindus","robots":{"index":"index","follow":"follow","max-snippet":"max-snippet:-1","max-image-preview":"max-image-preview:large","max-video-preview":"max-video-preview:-1"},"canonical":"https:\/\/hiteh.ee\/kahjukasitlus\/","og_locale":"fi_FI","og_type":"article","og_title":"Kahjuk\u00e4sitlus - Hiteh Autoteenindus","og_url":"https:\/\/hiteh.ee\/kahjukasitlus\/","og_site_name":"Hiteh Autoteenindus","article_modified_time":"2016-02-16T18:31:47+00:00","twitter_card":"summary_large_image","twitter_misc":{"Arvioitu lukuaika":"1 minuutti"},"schema":{"@context":"https:\/\/schema.org","@graph":[{"@type":"WebPage","@id":"https:\/\/hiteh.ee\/kahjukasitlus\/","url":"https:\/\/hiteh.ee\/kahjukasitlus\/","name":"Kahjuk\u00e4sitlus - Hiteh Autoteenindus","isPartOf":{"@id":"https:\/\/hiteh.ee\/#website"},"datePublished":"2014-08-05T11:29:15+00:00","dateModified":"2016-02-16T18:31:47+00:00","breadcrumb":{"@id":"https:\/\/hiteh.ee\/kahjukasitlus\/#breadcrumb"},"inLanguage":"fi","potentialAction":[{"@type":"ReadAction","target":["https:\/\/hiteh.ee\/kahjukasitlus\/"]}]},{"@type":"BreadcrumbList","@id":"https:\/\/hiteh.ee\/kahjukasitlus\/#breadcrumb","itemListElement":[{"@type":"ListItem","position":1,"name":"Home","item":"https:\/\/hiteh.ee\/fi\/esileht\/"},{"@type":"ListItem","position":2,"name":"Kahjuk\u00e4sitlus"}]},{"@type":"WebSite","@id":"https:\/\/hiteh.ee\/#website","url":"https:\/\/hiteh.ee\/","name":"Hiteh Autoteenindus","description":"Autoteenindus","publisher":{"@id":"https:\/\/hiteh.ee\/#organization"},"potentialAction":[{"@type":"SearchAction","target":{"@type":"EntryPoint","urlTemplate":"https:\/\/hiteh.ee\/?s={search_term_string}"},"query-input":{"@type":"PropertyValueSpecification","valueRequired":true,"valueName":"search_term_string"}}],"inLanguage":"fi"},{"@type":"Organization","@id":"https:\/\/hiteh.ee\/#organization","name":"Hiteh Autokeskus","url":"https:\/\/hiteh.ee\/","logo":{"@type":"ImageObject","inLanguage":"fi","@id":"https:\/\/hiteh.ee\/#\/schema\/logo\/image\/","url":"https:\/\/hiteh.ee\/wp-content\/uploads\/2019\/07\/Hiteh-logo235x100.png","contentUrl":"https:\/\/hiteh.ee\/wp-content\/uploads\/2019\/07\/Hiteh-logo235x100.png","width":235,"height":100,"caption":"Hiteh Autokeskus"},"image":{"@id":"https:\/\/hiteh.ee\/#\/schema\/logo\/image\/"}}]}},"_links":{"self":[{"href":"https:\/\/hiteh.ee\/fi\/wp-json\/wp\/v2\/pages\/519","targetHints":{"allow":["GET"]}}],"collection":[{"href":"https:\/\/hiteh.ee\/fi\/wp-json\/wp\/v2\/pages"}],"about":[{"href":"https:\/\/hiteh.ee\/fi\/wp-json\/wp\/v2\/types\/page"}],"author":[{"embeddable":true,"href":"https:\/\/hiteh.ee\/fi\/wp-json\/wp\/v2\/users\/2"}],"replies":[{"embeddable":true,"href":"https:\/\/hiteh.ee\/fi\/wp-json\/wp\/v2\/comments?post=519"}],"version-history":[{"count":0,"href":"https:\/\/hiteh.ee\/fi\/wp-json\/wp\/v2\/pages\/519\/revisions"}],"wp:attachment":[{"href":"https:\/\/hiteh.ee\/fi\/wp-json\/wp\/v2\/media?parent=519"}],"curies":[{"name":"wp","href":"https:\/\/api.w.org\/{rel}","templated":true}]}}